{"id":13,"date":"2016-07-12T20:22:29","date_gmt":"2016-07-12T20:22:29","guid":{"rendered":"http:\/\/www.carspa.hu\/budapest\/?page_id=13"},"modified":"2026-05-16T09:29:58","modified_gmt":"2026-05-16T07:29:58","slug":"kapcsolat","status":"publish","type":"page","link":"https:\/\/www.carspa.hu\/budapest\/kapcsolat","title":{"rendered":"Kapcsolat"},"content":{"rendered":"<table style=\"width: 825px; height: 363px;\" border=\"0\">\n<tbody>\n<tr>\n<td><strong>BUBBLES-Car Kft.<\/strong><br \/>\n1107 Budapest,<br \/>\nBasa utca 2.<a href=\"https:\/\/www.carspa.hu\/budapest\/wp-content\/uploads\/2025\/01\/Bubbles-Car-Kft.-IMPRESSZUM.pdf\" target=\"_blank\" rel=\"noopener\">Impresszum<\/a><a href=\"https:\/\/www.carspa.hu\/budapest\/wp-content\/uploads\/2025\/01\/Bubbles-Car-Kft.-Adatkezele\u0301si-Ta\u0301je\u0301koztato\u0301.pdf\" target=\"_blank\" rel=\"noopener\">Adatkezel\u00e9si t\u00e1j\u00e9koztat\u00f3<\/a><\/td>\n<td style=\"width: 10px;\"><\/td>\n<td>\n<p>M\u0171szakvezet\u0151:<\/p>\n<p>+3620\/516-8616<\/p>\n<p><a href=\"mailto:bubbles@carspa.hu\">bubbles@carspa.hu<\/a><\/p>\n<p>&nbsp;<\/p>\n<p>&nbsp;<\/p>\n<p>\u00dcgyvezet\u0151:<\/p>\n<p>M\u00e1rton Istv\u00e1n<\/p>\n<p><a href=\"mailto:info@carspa.hu\">istvan.marton@carspa.hu<\/a><\/p>\n<p>+3620\/965-2902<script type=\"text\/javascript\">\/\/ <![CDATA[\n<!-- document.write('&lt;span style=\\'display: none;\\'&gt;'); \/\/-->\n\/\/ ]]><\/script><span style=\"display: none;\">Ez az e-mail c\u00edm a spamrobotok elleni v\u00e9delem alatt \u00e1ll. Megtekint\u00e9s\u00e9hez enged\u00e9lyeznie kell a JavaScript haszn\u00e1lat\u00e1t.<br \/>\n<script type=\"text\/javascript\">\/\/ <![CDATA[\n<!-- document.write('&lt;\/'); document.write('span&gt;'); \/\/-->\n\/\/ ]]><\/script><\/span><\/td>\n<td style=\"width: 10px;\"><\/td>\n<td>\n<p>&nbsp;<\/p>\n<p><span style=\"color: #ff6600;\"><strong>NYITVA:<\/strong><\/span><br \/>\nH\u00e9tf\u0151 &#8211; P\u00e9ntek: <strong>08:00 &#8211; 19:00<\/strong>-ig<br \/>\nSzombat &#8211; Vas\u00e1rnap: <strong>09:00 &#8211; 18:00<\/strong>-ig<\/p>\n<p><strong>2026.05.16.-05.17-\u00e9n (szombat-vas\u00e1rnap) es\u0151s id\u0151j\u00e1r\u00e1s miatt Z\u00c1RVA!<\/strong><\/p>\n<p><strong>UTAST\u00c9R \u00e9s KL\u00cdMA \u00d3ZONOS FERT\u0150TLEN\u00cdT\u00c9SE is el\u00e9rhet\u0151 n\u00e1lunk!<\/strong><\/p>\n<p><span style=\"color: #333399;\"><strong>Mindenkinek J\u00f3 Eg\u00e9szs\u00e9get K\u00edv\u00e1nunk!<\/strong><\/span><\/p>\n<p><span style=\"color: #ff6600;\"><strong>\u00c9rkez\u00e9si sorrend\u00a0<\/strong>=<strong>\u00a0Bejelentkez\u00e9s Nem Sz\u00fcks\u00e9ges!<\/strong><\/span><\/p>\n<p><strong>\u00a0<\/strong><\/td>\n<\/tr>\n<\/tbody>\n<\/table>\n<p>&nbsp;<\/p>\n","protected":false},"excerpt":{"rendered":"<p>BUBBLES-Car Kft. 1107 Budapest, Basa utca 2.ImpresszumAdatkezel\u00e9si t\u00e1j\u00e9koztat\u00f3 M\u0171szakvezet\u0151: +3620\/516-8616 bubbles@carspa.hu &nbsp; &nbsp; \u00dcgyvezet\u0151: M\u00e1rton Istv\u00e1n istvan.marton@carspa.hu +3620\/965-2902Ez az e-mail c\u00edm a spamrobotok elleni v\u00e9delem alatt \u00e1ll. Megtekint\u00e9s\u00e9hez enged\u00e9lyeznie kell a JavaScript haszn\u00e1lat\u00e1t. &nbsp; NYITVA: H\u00e9tf\u0151 &#8211; P\u00e9ntek: 08:00 &#8211; 19:00-ig Szombat &#8211; Vas\u00e1rnap: 09:00 &#8211; 18:00-ig 2026.05.16.-05.17-\u00e9n (szombat-vas\u00e1rnap) es\u0151s id\u0151j\u00e1r\u00e1s miatt Z\u00c1RVA! UTAST\u00c9R \u00e9s [&hellip;]<\/p>\n","protected":false},"author":1,"featured_media":0,"parent":0,"menu_order":0,"comment_status":"closed","ping_status":"closed","template":"page-full-width.php","meta":{"_acf_changed":false,"footnotes":""},"class_list":["post-13","page","type-page","status-publish","hentry"],"acf":[],"yoast_head":"<!-- This site is optimized with the Yoast SEO plugin v26.6 - https:\/\/yoast.com\/wordpress\/plugins\/seo\/ -->\n<title>Kapcsolat - BUBBLES K\u00e9zi Aut\u00f3mos\u00f3 (Budapest)<\/title>\n<meta name=\"robots\" content=\"index, follow, max-snippet:-1, max-image-preview:large, max-video-preview:-1\" \/>\n<link rel=\"canonical\" href=\"https:\/\/www.carspa.hu\/budapest\/kapcsolat\" \/>\n<meta property=\"og:locale\" content=\"hu_HU\" \/>\n<meta property=\"og:type\" content=\"article\" \/>\n<meta property=\"og:title\" content=\"Kapcsolat - BUBBLES K\u00e9zi Aut\u00f3mos\u00f3 (Budapest)\" \/>\n<meta property=\"og:description\" content=\"BUBBLES-Car Kft. 1107 Budapest, Basa utca 2.ImpresszumAdatkezel\u00e9si t\u00e1j\u00e9koztat\u00f3 M\u0171szakvezet\u0151: +3620\/516-8616 bubbles@carspa.hu &nbsp; &nbsp; \u00dcgyvezet\u0151: M\u00e1rton Istv\u00e1n istvan.marton@carspa.hu +3620\/965-2902Ez az e-mail c\u00edm a spamrobotok elleni v\u00e9delem alatt \u00e1ll. Megtekint\u00e9s\u00e9hez enged\u00e9lyeznie kell a JavaScript haszn\u00e1lat\u00e1t. &nbsp; NYITVA: H\u00e9tf\u0151 &#8211; P\u00e9ntek: 08:00 &#8211; 19:00-ig Szombat &#8211; Vas\u00e1rnap: 09:00 &#8211; 18:00-ig 2026.05.16.-05.17-\u00e9n (szombat-vas\u00e1rnap) es\u0151s id\u0151j\u00e1r\u00e1s miatt Z\u00c1RVA! UTAST\u00c9R \u00e9s [&hellip;]\" \/>\n<meta property=\"og:url\" content=\"https:\/\/www.carspa.hu\/budapest\/kapcsolat\" \/>\n<meta property=\"og:site_name\" content=\"BUBBLES K\u00e9zi Aut\u00f3mos\u00f3 (Budapest)\" \/>\n<meta property=\"article:modified_time\" content=\"2026-05-16T07:29:58+00:00\" \/>\n<meta name=\"twitter:card\" content=\"summary_large_image\" \/>\n<meta name=\"twitter:label1\" content=\"Becs\u00fclt olvas\u00e1si id\u0151\" \/>\n\t<meta name=\"twitter:data1\" content=\"1 perc\" \/>\n<script type=\"application\/ld+json\" class=\"yoast-schema-graph\">{\"@context\":\"https:\/\/schema.org\",\"@graph\":[{\"@type\":\"WebPage\",\"@id\":\"https:\/\/www.carspa.hu\/budapest\/kapcsolat\",\"url\":\"https:\/\/www.carspa.hu\/budapest\/kapcsolat\",\"name\":\"Kapcsolat - BUBBLES K\u00e9zi Aut\u00f3mos\u00f3 (Budapest)\",\"isPartOf\":{\"@id\":\"https:\/\/www.carspa.hu\/budapest\/#website\"},\"datePublished\":\"2016-07-12T20:22:29+00:00\",\"dateModified\":\"2026-05-16T07:29:58+00:00\",\"breadcrumb\":{\"@id\":\"https:\/\/www.carspa.hu\/budapest\/kapcsolat#breadcrumb\"},\"inLanguage\":\"hu\",\"potentialAction\":[{\"@type\":\"ReadAction\",\"target\":[\"https:\/\/www.carspa.hu\/budapest\/kapcsolat\"]}]},{\"@type\":\"BreadcrumbList\",\"@id\":\"https:\/\/www.carspa.hu\/budapest\/kapcsolat#breadcrumb\",\"itemListElement\":[{\"@type\":\"ListItem\",\"position\":1,\"name\":\"Home\",\"item\":\"https:\/\/www.carspa.hu\/budapest\/\"},{\"@type\":\"ListItem\",\"position\":2,\"name\":\"Kapcsolat\"}]},{\"@type\":\"WebSite\",\"@id\":\"https:\/\/www.carspa.hu\/budapest\/#website\",\"url\":\"https:\/\/www.carspa.hu\/budapest\/\",\"name\":\"BUBBLES K\u00e9zi Aut\u00f3mos\u00f3 (Budapest)\",\"description\":\"K\u00e9zi aut\u00f3mos\u00f3\",\"potentialAction\":[{\"@type\":\"SearchAction\",\"target\":{\"@type\":\"EntryPoint\",\"urlTemplate\":\"https:\/\/www.carspa.hu\/budapest\/?s={search_term_string}\"},\"query-input\":{\"@type\":\"PropertyValueSpecification\",\"valueRequired\":true,\"valueName\":\"search_term_string\"}}],\"inLanguage\":\"hu\"}]}<\/script>\n<!-- \/ Yoast SEO plugin. -->","yoast_head_json":{"title":"Kapcsolat - BUBBLES K\u00e9zi Aut\u00f3mos\u00f3 (Budapest)","robots":{"index":"index","follow":"follow","max-snippet":"max-snippet:-1","max-image-preview":"max-image-preview:large","max-video-preview":"max-video-preview:-1"},"canonical":"https:\/\/www.carspa.hu\/budapest\/kapcsolat","og_locale":"hu_HU","og_type":"article","og_title":"Kapcsolat - BUBBLES K\u00e9zi Aut\u00f3mos\u00f3 (Budapest)","og_description":"BUBBLES-Car Kft. 1107 Budapest, Basa utca 2.ImpresszumAdatkezel\u00e9si t\u00e1j\u00e9koztat\u00f3 M\u0171szakvezet\u0151: +3620\/516-8616 bubbles@carspa.hu &nbsp; &nbsp; \u00dcgyvezet\u0151: M\u00e1rton Istv\u00e1n istvan.marton@carspa.hu +3620\/965-2902Ez az e-mail c\u00edm a spamrobotok elleni v\u00e9delem alatt \u00e1ll. Megtekint\u00e9s\u00e9hez enged\u00e9lyeznie kell a JavaScript haszn\u00e1lat\u00e1t. &nbsp; NYITVA: H\u00e9tf\u0151 &#8211; P\u00e9ntek: 08:00 &#8211; 19:00-ig Szombat &#8211; Vas\u00e1rnap: 09:00 &#8211; 18:00-ig 2026.05.16.-05.17-\u00e9n (szombat-vas\u00e1rnap) es\u0151s id\u0151j\u00e1r\u00e1s miatt Z\u00c1RVA! UTAST\u00c9R \u00e9s [&hellip;]","og_url":"https:\/\/www.carspa.hu\/budapest\/kapcsolat","og_site_name":"BUBBLES K\u00e9zi Aut\u00f3mos\u00f3 (Budapest)","article_modified_time":"2026-05-16T07:29:58+00:00","twitter_card":"summary_large_image","twitter_misc":{"Becs\u00fclt olvas\u00e1si id\u0151":"1 perc"},"schema":{"@context":"https:\/\/schema.org","@graph":[{"@type":"WebPage","@id":"https:\/\/www.carspa.hu\/budapest\/kapcsolat","url":"https:\/\/www.carspa.hu\/budapest\/kapcsolat","name":"Kapcsolat - BUBBLES K\u00e9zi Aut\u00f3mos\u00f3 (Budapest)","isPartOf":{"@id":"https:\/\/www.carspa.hu\/budapest\/#website"},"datePublished":"2016-07-12T20:22:29+00:00","dateModified":"2026-05-16T07:29:58+00:00","breadcrumb":{"@id":"https:\/\/www.carspa.hu\/budapest\/kapcsolat#breadcrumb"},"inLanguage":"hu","potentialAction":[{"@type":"ReadAction","target":["https:\/\/www.carspa.hu\/budapest\/kapcsolat"]}]},{"@type":"BreadcrumbList","@id":"https:\/\/www.carspa.hu\/budapest\/kapcsolat#breadcrumb","itemListElement":[{"@type":"ListItem","position":1,"name":"Home","item":"https:\/\/www.carspa.hu\/budapest\/"},{"@type":"ListItem","position":2,"name":"Kapcsolat"}]},{"@type":"WebSite","@id":"https:\/\/www.carspa.hu\/budapest\/#website","url":"https:\/\/www.carspa.hu\/budapest\/","name":"BUBBLES K\u00e9zi Aut\u00f3mos\u00f3 (Budapest)","description":"K\u00e9zi aut\u00f3mos\u00f3","potentialAction":[{"@type":"SearchAction","target":{"@type":"EntryPoint","urlTemplate":"https:\/\/www.carspa.hu\/budapest\/?s={search_term_string}"},"query-input":{"@type":"PropertyValueSpecification","valueRequired":true,"valueName":"search_term_string"}}],"inLanguage":"hu"}]}},"_links":{"self":[{"href":"https:\/\/www.carspa.hu\/budapest\/wp-json\/wp\/v2\/pages\/13","targetHints":{"allow":["GET"]}}],"collection":[{"href":"https:\/\/www.carspa.hu\/budapest\/wp-json\/wp\/v2\/pages"}],"about":[{"href":"https:\/\/www.carspa.hu\/budapest\/wp-json\/wp\/v2\/types\/page"}],"author":[{"embeddable":true,"href":"https:\/\/www.carspa.hu\/budapest\/wp-json\/wp\/v2\/users\/1"}],"replies":[{"embeddable":true,"href":"https:\/\/www.carspa.hu\/budapest\/wp-json\/wp\/v2\/comments?post=13"}],"version-history":[{"count":143,"href":"https:\/\/www.carspa.hu\/budapest\/wp-json\/wp\/v2\/pages\/13\/revisions"}],"predecessor-version":[{"id":583,"href":"https:\/\/www.carspa.hu\/budapest\/wp-json\/wp\/v2\/pages\/13\/revisions\/583"}],"wp:attachment":[{"href":"https:\/\/www.carspa.hu\/budapest\/wp-json\/wp\/v2\/media?parent=13"}],"curies":[{"name":"wp","href":"https:\/\/api.w.org\/{rel}","templated":true}]}}