{"id":11,"date":"2016-07-12T20:22:29","date_gmt":"2016-07-12T20:22:29","guid":{"rendered":"http:\/\/www.carspa.hu\/erd\/?page_id=11"},"modified":"2025-04-01T15:57:53","modified_gmt":"2025-04-01T13:57:53","slug":"szolgaltatasaink","status":"publish","type":"page","link":"https:\/\/www.carspa.hu\/erd\/szolgaltatasaink\/","title":{"rendered":"Szolg\u00e1ltat\u00e1saink"},"content":{"rendered":"<table style=\"width: 100%;\" border=\"0\" cellspacing=\"0\" cellpadding=\"0\">\n<tbody>\n<tr>\n<td align=\"center\" valign=\"top\" width=\"196\">\n<h3>Akt\u00edvhabos el\u0151mos\u00e1s<\/h3>\n<p>A g\u00e9pj\u00e1rm\u0171 vegyszeres habbal t\u00f6rt\u00e9n\u0151 bevon\u00e1sa, amely behatol a r\u00e9sekbe-h\u00e9zagokba \u00e9s hat\u00e9konyan feloldja a szennyez\u0151d\u00e9seket.<\/td>\n<td style=\"width: 10px; text-align: center;\" align=\"center\" valign=\"top\"><\/td>\n<td align=\"center\" valign=\"top\" width=\"196\">\n<h3>Bog\u00e1r elt\u00e1vol\u00edt\u00e1s<\/h3>\n<p>Bog\u00e1rral szennyezett fel\u00fcletek vegyszeres old\u00e1sa, majd speci\u00e1lis szivaccsal t\u00f6rt\u00e9n\u0151 elt\u00e1vol\u00edt\u00e1sa. (A f\u00e9nyez\u00e9sekbe bele\u00e9gett bogarak elt\u00e1vol\u00edt\u00e1s\u00e1ra garanci\u00e1t nem v\u00e1llalunk.)<\/td>\n<td style=\"width: 10px; text-align: center;\" align=\"center\" valign=\"top\"><\/td>\n<td align=\"center\" valign=\"top\" width=\"196\">\n<h3>K\u00fcls\u0151 mos\u00e1s<\/h3>\n<p>A j\u00e1rm\u0171 vegyszerrel t\u00f6rt\u00e9n\u0151 permetez\u00e9se ut\u00e1n a k\u00fcls\u0151 fel\u00fcletek, ker\u00e9kj\u00e1ratok g\u0151zborotv\u00e1s tiszt\u00edt\u00e1sa, samponoz\u00e1sa, lemos\u00e1s, k\u00fcls\u0151 \u00fcvegfel\u00fcletek cseppmentes\u00edt\u00e9se, a karossz\u00e9ria \u00e9s az ajt\u00f3keretek \u00e1tt\u00f6rl\u00e9se, felnik lemos\u00e1sa.<\/td>\n<\/tr>\n<tr>\n<td align=\"center\" valign=\"top\">\n<h3>Bels\u0151 tiszt\u00edt\u00e1s<\/h3>\n<p>Az utast\u00e9r k\u00e1rpitr\u00e9szeinek porsz\u00edv\u00f3z\u00e1sa, m\u0171anyag fel\u00fcletek portalan\u00edt\u00e1sa, ablakok vegyszeres tiszt\u00edt\u00e1sa.<\/td>\n<td style=\"width: 10px;\" align=\"center\" valign=\"top\"><\/td>\n<td align=\"center\" valign=\"top\">\n<h3>Bels\u0151 m\u0171anyag\u00e1pol\u00e1s<\/h3>\n<p>A bels\u0151 m\u0171anyag elemek speci\u00e1lis vegyszerrel t\u00f6rt\u00e9n\u0151 kezel\u00e9se, amely fel\u00e9l\u00e9nk\u00edti az elemek sz\u00edn\u00e9t \u00e9s k\u00e9slelteti az anyag \u00f6reged\u00e9s\u00e9t.<\/td>\n<td style=\"width: 10px;\" align=\"center\" valign=\"top\"><\/td>\n<td align=\"center\" valign=\"top\">\n<h3>K\u00fcls\u0151 m\u0171anyag\u00e1pol\u00e1s<\/h3>\n<p>A karossz\u00e9ri\u00e1n l\u00e9v\u0151, nem sz\u00ednre f\u00fajt fel\u00fcletek vegyszeres \u00e1pol\u00e1sa.<\/td>\n<\/tr>\n<tr>\n<td align=\"center\" valign=\"top\">\n<h3>Felni tiszt\u00edt\u00e1s<\/h3>\n<p>A r\u00e1\u00e9gett szennyez\u0151d\u00e9s speci\u00e1lis vegyszerrel t\u00f6rt\u00e9n\u0151 fellaz\u00edt\u00e1sa &#8211; elt\u00e1vol\u00edt\u00e1sa.<\/td>\n<td style=\"width: 10px;\" align=\"center\" valign=\"top\"><\/td>\n<td align=\"center\" valign=\"top\">\n<h3>B\u0151r\u00e1pol\u00e1s<\/h3>\n<p>Bels\u0151 b\u0151rfel\u00fcletek b\u0151r\u00e1pol\u00f3szerrel t\u00f6rt\u00e9n\u0151 kezel\u00e9se. (B\u0151r\u00e1pol\u00e1s el\u0151tt a b\u0151rfel\u00fcletek tiszt\u00edt\u00e1sa sz\u00fcks\u00e9ges.)<\/td>\n<td style=\"width: 10px;\" align=\"center\" valign=\"top\"><\/td>\n<td align=\"center\" valign=\"top\">\n<h3>V\u00e9d\u0151viaszoz\u00e1s<\/h3>\n<p>A karossz\u00e9ria bepermetez\u00e9se. A vegyszer f\u00e9nyesebb\u00e9 teszi a j\u00e1rm\u0171vet \u00e9s v\u00e9delmet ny\u00fajt az UV-AB sug\u00e1rz\u00e1s ellen.<\/td>\n<\/tr>\n<tr>\n<td align=\"center\" valign=\"top\">\n<h3>Gumiabroncs \u00e1pol\u00e1s<\/h3>\n<p>A g\u00e9pj\u00e1rm\u0171 gumiabroncsainak speci\u00e1lis vegyszerrel t\u00f6rt\u00e9n\u0151 \u00e1pol\u00e1sa.<\/td>\n<td style=\"width: 10px;\" align=\"center\" valign=\"top\"><\/td>\n<td align=\"center\" valign=\"top\">\n<h3>K\u00e1rpittiszt\u00edt\u00e1s<\/h3>\n<p>Bels\u0151 sz\u00f6vetk\u00e1rpitok k\u00e9zi vegyszeres tiszt\u00edt\u00e1sa, folttiszt\u00edt\u00e1s. Csak el\u0151re egyeztetett id\u0151pontban!<\/td>\n<td style=\"width: 10px;\" align=\"center\" valign=\"top\"><\/td>\n<td align=\"center\" valign=\"top\">\n<h3>Pol\u00edroz\u00e1s<\/h3>\n<p>Elt\u00e1vol\u00edtja a matt fel\u00fcleti r\u00e9teget, elt\u00fcnteti az apr\u00f3bb karcokat, visszaadja az aut\u00f3 csillog\u00f3 f\u00e9ny\u00e9t. Csak el\u0151re egyeztetett id\u0151pontban!<\/td>\n<\/tr>\n<tr>\n<td align=\"center\" valign=\"top\">\n<h3>\u00c9rt\u00e9kes\u00edt\u00e9s el\u0151tti aut\u00f3kozmetika<\/h3>\n<p>\u00dajj\u00e1 var\u00e1zsoljuk aut\u00f3j\u00e1t. Teljes k\u00fcls\u0151-bels\u0151 takar\u00edt\u00e1s, vegyszeres tiszt\u00edt\u00e1s, gumi\u00e1pol\u00e1s, felni tiszt\u00edt\u00e1s. Ig\u00e9nyt\u0151l f\u00fcgg\u0151en k\u00fcls\u0151-bels\u0151 m\u0171anyag\u00e1pol\u00e1s, b\u0151r\u00e1pol\u00e1s, kr\u00f3mtiszt\u00edt\u00e1s, k\u00e1rpittiszt\u00edt\u00e1s, waxol\u00e1s, pol\u00edroz\u00e1s.<\/td>\n<td style=\"width: 10px;\" align=\"center\" valign=\"top\"><\/td>\n<td align=\"center\" valign=\"top\">\n<h3>Moped- \u00e9s Motorker\u00e9kp\u00e1r tiszt\u00edt\u00e1s<\/h3>\n<\/td>\n<td style=\"width: 10px;\" align=\"center\" valign=\"top\"><\/td>\n<td align=\"center\" valign=\"top\">\n<h3>Motormos\u00e1s<\/h3>\n<\/td>\n<\/tr>\n<\/tbody>\n<\/table>\n<p style=\"text-align: center;\"><strong><em>Szolg\u00e1ltat\u00e1saink \u00e1r\u00e1r\u00f3l r\u00e9szletes inform\u00e1ci\u00f3t az <a href=\"http:\/\/www.carspa.hu\/erd\/arak#services\">\u00c1rak<\/a> men\u00fcpontban tal\u00e1l.<\/em><\/strong><\/p>\n","protected":false},"excerpt":{"rendered":"<p>Akt\u00edvhabos el\u0151mos\u00e1s A g\u00e9pj\u00e1rm\u0171 vegyszeres habbal t\u00f6rt\u00e9n\u0151 bevon\u00e1sa, amely behatol a r\u00e9sekbe-h\u00e9zagokba \u00e9s hat\u00e9konyan feloldja a szennyez\u0151d\u00e9seket. Bog\u00e1r elt\u00e1vol\u00edt\u00e1s Bog\u00e1rral szennyezett fel\u00fcletek vegyszeres old\u00e1sa, majd speci\u00e1lis szivaccsal t\u00f6rt\u00e9n\u0151 elt\u00e1vol\u00edt\u00e1sa. (A f\u00e9nyez\u00e9sekbe bele\u00e9gett bogarak elt\u00e1vol\u00edt\u00e1s\u00e1ra garanci\u00e1t nem v\u00e1llalunk.) K\u00fcls\u0151 mos\u00e1s A j\u00e1rm\u0171 vegyszerrel t\u00f6rt\u00e9n\u0151 permetez\u00e9se ut\u00e1n a k\u00fcls\u0151 fel\u00fcletek, ker\u00e9kj\u00e1ratok g\u0151zborotv\u00e1s tiszt\u00edt\u00e1sa, samponoz\u00e1sa, lemos\u00e1s, k\u00fcls\u0151 \u00fcvegfel\u00fcletek [&hellip;]<\/p>\n","protected":false},"author":1,"featured_media":0,"parent":0,"menu_order":0,"comment_status":"closed","ping_status":"open","template":"","meta":{"_acf_changed":false,"footnotes":""},"class_list":["post-11","page","type-page","status-publish","hentry"],"acf":[],"yoast_head":"<!-- This site is optimized with the Yoast SEO plugin v26.6 - https:\/\/yoast.com\/wordpress\/plugins\/seo\/ -->\n<title>Szolg\u00e1ltat\u00e1saink | BUBBLES K\u00e9zi Aut\u00f3mos\u00f3 (\u00c9rd)<\/title>\n<meta name=\"description\" content=\"K\u00e9zi aut\u00f3mos\u00f3, nano wax, pol\u00edroz\u00e1s, aut\u00f3kozmetika, m\u0171anyag\u00e1pol\u00e1s, motormos\u00e1s, bels\u0151 tiszt\u00edt\u00e1s, k\u00e1rpit tiszt\u00edt\u00e1s - Bubbles K\u00e9zi Aut\u00f3mos\u00f3\" \/>\n<meta name=\"robots\" content=\"index, follow, max-snippet:-1, max-image-preview:large, max-video-preview:-1\" \/>\n<link rel=\"canonical\" href=\"https:\/\/www.carspa.hu\/erd\/szolgaltatasaink\/\" \/>\n<meta property=\"og:locale\" content=\"hu_HU\" \/>\n<meta property=\"og:type\" content=\"article\" \/>\n<meta property=\"og:title\" content=\"Szolg\u00e1ltat\u00e1saink | BUBBLES K\u00e9zi Aut\u00f3mos\u00f3 (\u00c9rd)\" \/>\n<meta property=\"og:description\" content=\"K\u00e9zi aut\u00f3mos\u00f3, nano wax, pol\u00edroz\u00e1s, aut\u00f3kozmetika, m\u0171anyag\u00e1pol\u00e1s, motormos\u00e1s, bels\u0151 tiszt\u00edt\u00e1s, k\u00e1rpit tiszt\u00edt\u00e1s - Bubbles K\u00e9zi Aut\u00f3mos\u00f3\" \/>\n<meta property=\"og:url\" content=\"https:\/\/www.carspa.hu\/erd\/szolgaltatasaink\/\" \/>\n<meta property=\"og:site_name\" content=\"BUBBLES K\u00e9zi Aut\u00f3mos\u00f3 (\u00c9rd)\" \/>\n<meta property=\"article:publisher\" content=\"https:\/\/www.facebook.com\/carspa.hu\/\" \/>\n<meta property=\"article:modified_time\" content=\"2025-04-01T13:57:53+00:00\" \/>\n<meta name=\"twitter:card\" content=\"summary_large_image\" \/>\n<meta name=\"twitter:site\" content=\"@BAutomoso\" \/>\n<meta name=\"twitter:label1\" content=\"Becs\u00fclt olvas\u00e1si id\u0151\" \/>\n\t<meta name=\"twitter:data1\" content=\"2 perc\" \/>\n<script type=\"application\/ld+json\" class=\"yoast-schema-graph\">{\"@context\":\"https:\/\/schema.org\",\"@graph\":[{\"@type\":\"WebPage\",\"@id\":\"https:\/\/www.carspa.hu\/erd\/szolgaltatasaink\/\",\"url\":\"https:\/\/www.carspa.hu\/erd\/szolgaltatasaink\/\",\"name\":\"Szolg\u00e1ltat\u00e1saink | BUBBLES K\u00e9zi Aut\u00f3mos\u00f3 (\u00c9rd)\",\"isPartOf\":{\"@id\":\"https:\/\/www.carspa.hu\/erd\/#website\"},\"datePublished\":\"2016-07-12T20:22:29+00:00\",\"dateModified\":\"2025-04-01T13:57:53+00:00\",\"description\":\"K\u00e9zi aut\u00f3mos\u00f3, nano wax, pol\u00edroz\u00e1s, aut\u00f3kozmetika, m\u0171anyag\u00e1pol\u00e1s, motormos\u00e1s, bels\u0151 tiszt\u00edt\u00e1s, k\u00e1rpit tiszt\u00edt\u00e1s - Bubbles K\u00e9zi Aut\u00f3mos\u00f3\",\"breadcrumb\":{\"@id\":\"https:\/\/www.carspa.hu\/erd\/szolgaltatasaink\/#breadcrumb\"},\"inLanguage\":\"hu\",\"potentialAction\":[{\"@type\":\"ReadAction\",\"target\":[\"https:\/\/www.carspa.hu\/erd\/szolgaltatasaink\/\"]}]},{\"@type\":\"BreadcrumbList\",\"@id\":\"https:\/\/www.carspa.hu\/erd\/szolgaltatasaink\/#breadcrumb\",\"itemListElement\":[{\"@type\":\"ListItem\",\"position\":1,\"name\":\"Home\",\"item\":\"https:\/\/www.carspa.hu\/erd\/\"},{\"@type\":\"ListItem\",\"position\":2,\"name\":\"Szolg\u00e1ltat\u00e1saink\"}]},{\"@type\":\"WebSite\",\"@id\":\"https:\/\/www.carspa.hu\/erd\/#website\",\"url\":\"https:\/\/www.carspa.hu\/erd\/\",\"name\":\"BUBBLES K\u00e9zi Aut\u00f3mos\u00f3 (\u00c9rd)\",\"description\":\"K\u00e9zi aut\u00f3mos\u00f3\",\"potentialAction\":[{\"@type\":\"SearchAction\",\"target\":{\"@type\":\"EntryPoint\",\"urlTemplate\":\"https:\/\/www.carspa.hu\/erd\/?s={search_term_string}\"},\"query-input\":{\"@type\":\"PropertyValueSpecification\",\"valueRequired\":true,\"valueName\":\"search_term_string\"}}],\"inLanguage\":\"hu\"}]}<\/script>\n<!-- \/ Yoast SEO plugin. -->","yoast_head_json":{"title":"Szolg\u00e1ltat\u00e1saink | BUBBLES K\u00e9zi Aut\u00f3mos\u00f3 (\u00c9rd)","description":"K\u00e9zi aut\u00f3mos\u00f3, nano wax, pol\u00edroz\u00e1s, aut\u00f3kozmetika, m\u0171anyag\u00e1pol\u00e1s, motormos\u00e1s, bels\u0151 tiszt\u00edt\u00e1s, k\u00e1rpit tiszt\u00edt\u00e1s - Bubbles K\u00e9zi Aut\u00f3mos\u00f3","robots":{"index":"index","follow":"follow","max-snippet":"max-snippet:-1","max-image-preview":"max-image-preview:large","max-video-preview":"max-video-preview:-1"},"canonical":"https:\/\/www.carspa.hu\/erd\/szolgaltatasaink\/","og_locale":"hu_HU","og_type":"article","og_title":"Szolg\u00e1ltat\u00e1saink | BUBBLES K\u00e9zi Aut\u00f3mos\u00f3 (\u00c9rd)","og_description":"K\u00e9zi aut\u00f3mos\u00f3, nano wax, pol\u00edroz\u00e1s, aut\u00f3kozmetika, m\u0171anyag\u00e1pol\u00e1s, motormos\u00e1s, bels\u0151 tiszt\u00edt\u00e1s, k\u00e1rpit tiszt\u00edt\u00e1s - Bubbles K\u00e9zi Aut\u00f3mos\u00f3","og_url":"https:\/\/www.carspa.hu\/erd\/szolgaltatasaink\/","og_site_name":"BUBBLES K\u00e9zi Aut\u00f3mos\u00f3 (\u00c9rd)","article_publisher":"https:\/\/www.facebook.com\/carspa.hu\/","article_modified_time":"2025-04-01T13:57:53+00:00","twitter_card":"summary_large_image","twitter_site":"@BAutomoso","twitter_misc":{"Becs\u00fclt olvas\u00e1si id\u0151":"2 perc"},"schema":{"@context":"https:\/\/schema.org","@graph":[{"@type":"WebPage","@id":"https:\/\/www.carspa.hu\/erd\/szolgaltatasaink\/","url":"https:\/\/www.carspa.hu\/erd\/szolgaltatasaink\/","name":"Szolg\u00e1ltat\u00e1saink | BUBBLES K\u00e9zi Aut\u00f3mos\u00f3 (\u00c9rd)","isPartOf":{"@id":"https:\/\/www.carspa.hu\/erd\/#website"},"datePublished":"2016-07-12T20:22:29+00:00","dateModified":"2025-04-01T13:57:53+00:00","description":"K\u00e9zi aut\u00f3mos\u00f3, nano wax, pol\u00edroz\u00e1s, aut\u00f3kozmetika, m\u0171anyag\u00e1pol\u00e1s, motormos\u00e1s, bels\u0151 tiszt\u00edt\u00e1s, k\u00e1rpit tiszt\u00edt\u00e1s - Bubbles K\u00e9zi Aut\u00f3mos\u00f3","breadcrumb":{"@id":"https:\/\/www.carspa.hu\/erd\/szolgaltatasaink\/#breadcrumb"},"inLanguage":"hu","potentialAction":[{"@type":"ReadAction","target":["https:\/\/www.carspa.hu\/erd\/szolgaltatasaink\/"]}]},{"@type":"BreadcrumbList","@id":"https:\/\/www.carspa.hu\/erd\/szolgaltatasaink\/#breadcrumb","itemListElement":[{"@type":"ListItem","position":1,"name":"Home","item":"https:\/\/www.carspa.hu\/erd\/"},{"@type":"ListItem","position":2,"name":"Szolg\u00e1ltat\u00e1saink"}]},{"@type":"WebSite","@id":"https:\/\/www.carspa.hu\/erd\/#website","url":"https:\/\/www.carspa.hu\/erd\/","name":"BUBBLES K\u00e9zi Aut\u00f3mos\u00f3 (\u00c9rd)","description":"K\u00e9zi aut\u00f3mos\u00f3","potentialAction":[{"@type":"SearchAction","target":{"@type":"EntryPoint","urlTemplate":"https:\/\/www.carspa.hu\/erd\/?s={search_term_string}"},"query-input":{"@type":"PropertyValueSpecification","valueRequired":true,"valueName":"search_term_string"}}],"inLanguage":"hu"}]}},"_links":{"self":[{"href":"https:\/\/www.carspa.hu\/erd\/wp-json\/wp\/v2\/pages\/11","targetHints":{"allow":["GET"]}}],"collection":[{"href":"https:\/\/www.carspa.hu\/erd\/wp-json\/wp\/v2\/pages"}],"about":[{"href":"https:\/\/www.carspa.hu\/erd\/wp-json\/wp\/v2\/types\/page"}],"author":[{"embeddable":true,"href":"https:\/\/www.carspa.hu\/erd\/wp-json\/wp\/v2\/users\/1"}],"replies":[{"embeddable":true,"href":"https:\/\/www.carspa.hu\/erd\/wp-json\/wp\/v2\/comments?post=11"}],"version-history":[{"count":4,"href":"https:\/\/www.carspa.hu\/erd\/wp-json\/wp\/v2\/pages\/11\/revisions"}],"predecessor-version":[{"id":716,"href":"https:\/\/www.carspa.hu\/erd\/wp-json\/wp\/v2\/pages\/11\/revisions\/716"}],"wp:attachment":[{"href":"https:\/\/www.carspa.hu\/erd\/wp-json\/wp\/v2\/media?parent=11"}],"curies":[{"name":"wp","href":"https:\/\/api.w.org\/{rel}","templated":true}]}}