{"id":2,"date":"2016-07-12T20:01:55","date_gmt":"2016-07-12T20:01:55","guid":{"rendered":"http:\/\/www.carspa.hu\/erd\/?page_id=2"},"modified":"2025-04-01T15:55:45","modified_gmt":"2025-04-01T13:55:45","slug":"fooldal","status":"publish","type":"page","link":"https:\/\/www.carspa.hu\/erd\/","title":{"rendered":"F\u0151oldal"},"content":{"rendered":"<h2>BUBBLES K\u00e9zi Aut\u00f3mos\u00f3<\/h2>\n<table style=\"width: 100%;\" border=\"0\" cellspacing=\"0\" cellpadding=\"0\">\n<tbody>\n<tr>\n<td>\n<p>Ha fontos \u00d6nnek is, hogy aut\u00f3ja mindig tiszta legyen, akkor ez\u00faton szeretn\u00e9nk felaj\u00e1nlani a BUBBLES k\u00e9zi aut\u00f3mos\u00f3nk szolg\u00e1ltat\u00e1sait. \u00c9rden a Budafoki \u00fat 1. c\u00edm alatt v\u00e1rjuk szeretettel.<\/p>\n<p><strong><a href=\"http:\/\/www.carspa.hu\/erd\/szolgaltatasaink\">Szolg\u00e1ltat\u00e1saink<\/a><\/strong><\/td>\n<td style=\"width: 10px;\"><\/td>\n<td>\n<p>Rengeteg k\u00fcl\u00f6nb\u00f6z\u0151 kedvezm\u00e9nyt \u00e9s \u00e1lland\u00f3 akci\u00f3t k\u00edn\u00e1lunk \u00d6nnek. Ha mos\u00e1s ut\u00e1n meg\u00e1zik aut\u00f3ja az es\u0151ben mi erre is garanci\u00e1t v\u00e1llalunk \u00e9s \u00fajb\u00f3l lemossuk azt.<\/p>\n<p><strong><a href=\"akciok.html\">Akci\u00f3k<\/a><\/strong><\/td>\n<td style=\"width: 10px;\"><\/td>\n<td>\n<p>A BUBBLES k\u00e9zi aut\u00f3mos\u00f3ban az egyszer\u0171 k\u00fcls\u0151-bels\u0151 mos\u00e1s helyett k\u00fcl\u00f6nb\u00f6z\u0151 szolg\u00e1ltat\u00e1sokat tartalmaz\u00f3 kedvezm\u00e9nyes programcsomagokat k\u00edn\u00e1lunk.<\/p>\n<p><strong><a href=\"http:\/\/www.carspa.hu\/erd\/arak\">\u00c1rak<\/a><\/strong><\/td>\n<\/tr>\n<\/tbody>\n<\/table>\n<p>&nbsp;<\/p>\n","protected":false},"excerpt":{"rendered":"<p>BUBBLES K\u00e9zi Aut\u00f3mos\u00f3 Ha fontos \u00d6nnek is, hogy aut\u00f3ja mindig tiszta legyen, akkor ez\u00faton szeretn\u00e9nk felaj\u00e1nlani a BUBBLES k\u00e9zi aut\u00f3mos\u00f3nk szolg\u00e1ltat\u00e1sait. \u00c9rden a Budafoki \u00fat 1. c\u00edm alatt v\u00e1rjuk szeretettel. Szolg\u00e1ltat\u00e1saink Rengeteg k\u00fcl\u00f6nb\u00f6z\u0151 kedvezm\u00e9nyt \u00e9s \u00e1lland\u00f3 akci\u00f3t k\u00edn\u00e1lunk \u00d6nnek. Ha mos\u00e1s ut\u00e1n meg\u00e1zik aut\u00f3ja az es\u0151ben mi erre is garanci\u00e1t v\u00e1llalunk \u00e9s \u00fajb\u00f3l lemossuk azt. [&hellip;]<\/p>\n","protected":false},"author":1,"featured_media":0,"parent":0,"menu_order":0,"comment_status":"closed","ping_status":"open","template":"","meta":{"_acf_changed":false,"footnotes":""},"class_list":["post-2","page","type-page","status-publish","hentry"],"acf":[],"yoast_head":"<!-- This site is optimized with the Yoast SEO plugin v26.6 - https:\/\/yoast.com\/wordpress\/plugins\/seo\/ -->\n<title>F\u0151oldal | BUBBLES K\u00e9zi Aut\u00f3mos\u00f3 (\u00c9rd)<\/title>\n<meta name=\"description\" content=\"K\u00e9zi aut\u00f3mos\u00f3, nano wax, pol\u00edroz\u00e1s, bog\u00e1r elt\u00e1vol\u00edt\u00e1s, m\u0171anyag\u00e1pol\u00e1s, motormos\u00e1s, bels\u0151 tiszt\u00edt\u00e1s, k\u00e1rpit tiszt\u00edt\u00e1s - Bubbles K\u00e9zi Aut\u00f3mos\u00f3\" \/>\n<meta name=\"robots\" content=\"index, follow, max-snippet:-1, max-image-preview:large, max-video-preview:-1\" \/>\n<link rel=\"canonical\" href=\"https:\/\/www.carspa.hu\/erd\/\" \/>\n<meta property=\"og:locale\" content=\"hu_HU\" \/>\n<meta property=\"og:type\" content=\"article\" \/>\n<meta property=\"og:title\" content=\"F\u0151oldal | BUBBLES K\u00e9zi Aut\u00f3mos\u00f3 (\u00c9rd)\" \/>\n<meta property=\"og:description\" content=\"K\u00e9zi aut\u00f3mos\u00f3, nano wax, pol\u00edroz\u00e1s, bog\u00e1r elt\u00e1vol\u00edt\u00e1s, m\u0171anyag\u00e1pol\u00e1s, motormos\u00e1s, bels\u0151 tiszt\u00edt\u00e1s, k\u00e1rpit tiszt\u00edt\u00e1s - Bubbles K\u00e9zi Aut\u00f3mos\u00f3\" \/>\n<meta property=\"og:url\" content=\"https:\/\/www.carspa.hu\/erd\/\" \/>\n<meta property=\"og:site_name\" content=\"BUBBLES K\u00e9zi Aut\u00f3mos\u00f3 (\u00c9rd)\" \/>\n<meta property=\"article:publisher\" content=\"https:\/\/www.facebook.com\/carspa.hu\/\" \/>\n<meta property=\"article:modified_time\" content=\"2025-04-01T13:55:45+00:00\" \/>\n<meta name=\"twitter:card\" content=\"summary_large_image\" \/>\n<meta name=\"twitter:site\" content=\"@BAutomoso\" \/>\n<meta name=\"twitter:label1\" content=\"Becs\u00fclt olvas\u00e1si id\u0151\" \/>\n\t<meta name=\"twitter:data1\" content=\"1 perc\" \/>\n<script type=\"application\/ld+json\" class=\"yoast-schema-graph\">{\"@context\":\"https:\/\/schema.org\",\"@graph\":[{\"@type\":\"WebPage\",\"@id\":\"https:\/\/www.carspa.hu\/erd\/\",\"url\":\"https:\/\/www.carspa.hu\/erd\/\",\"name\":\"F\u0151oldal | BUBBLES K\u00e9zi Aut\u00f3mos\u00f3 (\u00c9rd)\",\"isPartOf\":{\"@id\":\"https:\/\/www.carspa.hu\/erd\/#website\"},\"datePublished\":\"2016-07-12T20:01:55+00:00\",\"dateModified\":\"2025-04-01T13:55:45+00:00\",\"description\":\"K\u00e9zi aut\u00f3mos\u00f3, nano wax, pol\u00edroz\u00e1s, bog\u00e1r elt\u00e1vol\u00edt\u00e1s, m\u0171anyag\u00e1pol\u00e1s, motormos\u00e1s, bels\u0151 tiszt\u00edt\u00e1s, k\u00e1rpit tiszt\u00edt\u00e1s - Bubbles K\u00e9zi Aut\u00f3mos\u00f3\",\"breadcrumb\":{\"@id\":\"https:\/\/www.carspa.hu\/erd\/#breadcrumb\"},\"inLanguage\":\"hu\",\"potentialAction\":[{\"@type\":\"ReadAction\",\"target\":[\"https:\/\/www.carspa.hu\/erd\/\"]}]},{\"@type\":\"BreadcrumbList\",\"@id\":\"https:\/\/www.carspa.hu\/erd\/#breadcrumb\",\"itemListElement\":[{\"@type\":\"ListItem\",\"position\":1,\"name\":\"Home\",\"item\":\"https:\/\/www.carspa.hu\/erd\/\"},{\"@type\":\"ListItem\",\"position\":2,\"name\":\"http:\/\/www.carspa.hu\/erd\/\"}]},{\"@type\":\"WebSite\",\"@id\":\"https:\/\/www.carspa.hu\/erd\/#website\",\"url\":\"https:\/\/www.carspa.hu\/erd\/\",\"name\":\"BUBBLES K\u00e9zi Aut\u00f3mos\u00f3 (\u00c9rd)\",\"description\":\"K\u00e9zi aut\u00f3mos\u00f3\",\"potentialAction\":[{\"@type\":\"SearchAction\",\"target\":{\"@type\":\"EntryPoint\",\"urlTemplate\":\"https:\/\/www.carspa.hu\/erd\/?s={search_term_string}\"},\"query-input\":{\"@type\":\"PropertyValueSpecification\",\"valueRequired\":true,\"valueName\":\"search_term_string\"}}],\"inLanguage\":\"hu\"}]}<\/script>\n<!-- \/ Yoast SEO plugin. -->","yoast_head_json":{"title":"F\u0151oldal | BUBBLES K\u00e9zi Aut\u00f3mos\u00f3 (\u00c9rd)","description":"K\u00e9zi aut\u00f3mos\u00f3, nano wax, pol\u00edroz\u00e1s, bog\u00e1r elt\u00e1vol\u00edt\u00e1s, m\u0171anyag\u00e1pol\u00e1s, motormos\u00e1s, bels\u0151 tiszt\u00edt\u00e1s, k\u00e1rpit tiszt\u00edt\u00e1s - Bubbles K\u00e9zi Aut\u00f3mos\u00f3","robots":{"index":"index","follow":"follow","max-snippet":"max-snippet:-1","max-image-preview":"max-image-preview:large","max-video-preview":"max-video-preview:-1"},"canonical":"https:\/\/www.carspa.hu\/erd\/","og_locale":"hu_HU","og_type":"article","og_title":"F\u0151oldal | BUBBLES K\u00e9zi Aut\u00f3mos\u00f3 (\u00c9rd)","og_description":"K\u00e9zi aut\u00f3mos\u00f3, nano wax, pol\u00edroz\u00e1s, bog\u00e1r elt\u00e1vol\u00edt\u00e1s, m\u0171anyag\u00e1pol\u00e1s, motormos\u00e1s, bels\u0151 tiszt\u00edt\u00e1s, k\u00e1rpit tiszt\u00edt\u00e1s - Bubbles K\u00e9zi Aut\u00f3mos\u00f3","og_url":"https:\/\/www.carspa.hu\/erd\/","og_site_name":"BUBBLES K\u00e9zi Aut\u00f3mos\u00f3 (\u00c9rd)","article_publisher":"https:\/\/www.facebook.com\/carspa.hu\/","article_modified_time":"2025-04-01T13:55:45+00:00","twitter_card":"summary_large_image","twitter_site":"@BAutomoso","twitter_misc":{"Becs\u00fclt olvas\u00e1si id\u0151":"1 perc"},"schema":{"@context":"https:\/\/schema.org","@graph":[{"@type":"WebPage","@id":"https:\/\/www.carspa.hu\/erd\/","url":"https:\/\/www.carspa.hu\/erd\/","name":"F\u0151oldal | BUBBLES K\u00e9zi Aut\u00f3mos\u00f3 (\u00c9rd)","isPartOf":{"@id":"https:\/\/www.carspa.hu\/erd\/#website"},"datePublished":"2016-07-12T20:01:55+00:00","dateModified":"2025-04-01T13:55:45+00:00","description":"K\u00e9zi aut\u00f3mos\u00f3, nano wax, pol\u00edroz\u00e1s, bog\u00e1r elt\u00e1vol\u00edt\u00e1s, m\u0171anyag\u00e1pol\u00e1s, motormos\u00e1s, bels\u0151 tiszt\u00edt\u00e1s, k\u00e1rpit tiszt\u00edt\u00e1s - Bubbles K\u00e9zi Aut\u00f3mos\u00f3","breadcrumb":{"@id":"https:\/\/www.carspa.hu\/erd\/#breadcrumb"},"inLanguage":"hu","potentialAction":[{"@type":"ReadAction","target":["https:\/\/www.carspa.hu\/erd\/"]}]},{"@type":"BreadcrumbList","@id":"https:\/\/www.carspa.hu\/erd\/#breadcrumb","itemListElement":[{"@type":"ListItem","position":1,"name":"Home","item":"https:\/\/www.carspa.hu\/erd\/"},{"@type":"ListItem","position":2,"name":"http:\/\/www.carspa.hu\/erd\/"}]},{"@type":"WebSite","@id":"https:\/\/www.carspa.hu\/erd\/#website","url":"https:\/\/www.carspa.hu\/erd\/","name":"BUBBLES K\u00e9zi Aut\u00f3mos\u00f3 (\u00c9rd)","description":"K\u00e9zi aut\u00f3mos\u00f3","potentialAction":[{"@type":"SearchAction","target":{"@type":"EntryPoint","urlTemplate":"https:\/\/www.carspa.hu\/erd\/?s={search_term_string}"},"query-input":{"@type":"PropertyValueSpecification","valueRequired":true,"valueName":"search_term_string"}}],"inLanguage":"hu"}]}},"_links":{"self":[{"href":"https:\/\/www.carspa.hu\/erd\/wp-json\/wp\/v2\/pages\/2","targetHints":{"allow":["GET"]}}],"collection":[{"href":"https:\/\/www.carspa.hu\/erd\/wp-json\/wp\/v2\/pages"}],"about":[{"href":"https:\/\/www.carspa.hu\/erd\/wp-json\/wp\/v2\/types\/page"}],"author":[{"embeddable":true,"href":"https:\/\/www.carspa.hu\/erd\/wp-json\/wp\/v2\/users\/1"}],"replies":[{"embeddable":true,"href":"https:\/\/www.carspa.hu\/erd\/wp-json\/wp\/v2\/comments?post=2"}],"version-history":[{"count":7,"href":"https:\/\/www.carspa.hu\/erd\/wp-json\/wp\/v2\/pages\/2\/revisions"}],"predecessor-version":[{"id":714,"href":"https:\/\/www.carspa.hu\/erd\/wp-json\/wp\/v2\/pages\/2\/revisions\/714"}],"wp:attachment":[{"href":"https:\/\/www.carspa.hu\/erd\/wp-json\/wp\/v2\/media?parent=2"}],"curies":[{"name":"wp","href":"https:\/\/api.w.org\/{rel}","templated":true}]}}